{"id":6187,"date":"2023-05-23T15:20:50","date_gmt":"2023-05-23T13:20:50","guid":{"rendered":"https:\/\/maelu.de\/?page_id=6187"},"modified":"2023-05-23T15:21:05","modified_gmt":"2023-05-23T13:21:05","slug":"impressum","status":"publish","type":"page","link":"https:\/\/maelu.de\/?page_id=6187","title":{"rendered":"Impressum"},"content":{"rendered":"<p>[vc_row row_content_width=&#8220;grid&#8220; css=&#8220;.vc_custom_1684847613648{padding-top: 28px !important;padding-bottom: 29px !important;}&#8220; simple_background_color=&#8220;#fcfcfc&#8220;][vc_column]<div class=\"edgt-elements-holder   edgt-two-columns  edgt-responsive-mode-768 \" ><div class=\"edgt-eh-item    \"  data-item-class=\"edgt-eh-custom-3220\" data-1024-1280=\"15% 0\" data-768-1024=\"21.4% 0\" data-680-768=\"13.8% 0 0\">\n\t<div class=\"edgt-eh-item-inner\">\n\t\t<div class=\"edgt-eh-item-content edgt-eh-custom-3220\" >\n\t\t\t<div class=\"edgt-section-title-holder  edgt-st-standard edgt-st-title-left edgt-st-normal-space \" style=\"text-align: left\">\n\t<div class=\"edgt-st-inner\">\n\t\t\t\t\t<h6 class=\"edgt-st-subtitle \">\n\t\t\t\tMAELU\t\t\t<\/h6>\n\t\t\t\t\t\t\t<h3 class=\"edgt-st-title\" >\n\t\t\t\tImpressum\t\t\t<\/h3>\n\t\t\t\t\t\t\t<p class=\"edgt-st-text\" >\n\t\t\t\tMAELU Betriebs GmbH<br \/>\nLandsberger Str. 234<br \/>\nD-80687 M\u00fcnchen\nAmtsgericht M\u00fcnchen HRB 207994<br \/>\nGesch\u00e4ftsf\u00fchrer: Ralf M\u00e4ser, Sonja M\u00e4ser-Luksch\t\t\t<\/p>\n\t\t\t<\/div>\n<\/div>\t\t<\/div>\n\t<\/div>\n<\/div><div class=\"edgt-eh-item    \"  data-item-class=\"edgt-eh-custom-6742\" data-680-768=\"0 0 11% 0\">\n\t<div class=\"edgt-eh-item-inner\">\n\t\t<div class=\"edgt-eh-item-content edgt-eh-custom-6742\" >\n\t\t\t[vc_single_image image=&#8220;5682&#8243; img_size=&#8220;full&#8220;]\t\t<\/div>\n\t<\/div>\n<\/div><\/div>[\/vc_column][\/vc_row]<\/p>\n","protected":false},"excerpt":{"rendered":"<p>[vc_row row_content_width=&#8220;grid&#8220; css=&#8220;.vc_custom_1684847613648{padding-top: 28px !important;padding-bottom: 29px !important;}&#8220; simple_background_color=&#8220;#fcfcfc&#8220;][vc_column][\/vc_column][\/vc_row]<\/p>\n","protected":false},"author":1,"featured_media":0,"parent":0,"menu_order":0,"comment_status":"closed","ping_status":"closed","template":"full-width.php","meta":{"footnotes":""},"class_list":["post-6187","page","type-page","status-publish","hentry"],"_links":{"self":[{"href":"https:\/\/maelu.de\/index.php?rest_route=\/wp\/v2\/pages\/6187","targetHints":{"allow":["GET"]}}],"collection":[{"href":"https:\/\/maelu.de\/index.php?rest_route=\/wp\/v2\/pages"}],"about":[{"href":"https:\/\/maelu.de\/index.php?rest_route=\/wp\/v2\/types\/page"}],"author":[{"embeddable":true,"href":"https:\/\/maelu.de\/index.php?rest_route=\/wp\/v2\/users\/1"}],"replies":[{"embeddable":true,"href":"https:\/\/maelu.de\/index.php?rest_route=%2Fwp%2Fv2%2Fcomments&post=6187"}],"version-history":[{"count":1,"href":"https:\/\/maelu.de\/index.php?rest_route=\/wp\/v2\/pages\/6187\/revisions"}],"predecessor-version":[{"id":6188,"href":"https:\/\/maelu.de\/index.php?rest_route=\/wp\/v2\/pages\/6187\/revisions\/6188"}],"wp:attachment":[{"href":"https:\/\/maelu.de\/index.php?rest_route=%2Fwp%2Fv2%2Fmedia&parent=6187"}],"curies":[{"name":"wp","href":"https:\/\/api.w.org\/{rel}","templated":true}]}}