{"id":5889,"date":"2022-12-08T13:03:40","date_gmt":"2022-12-08T12:03:40","guid":{"rendered":"https:\/\/maelu.de\/?page_id=5889"},"modified":"2024-10-10T15:17:02","modified_gmt":"2024-10-10T13:17:02","slug":"contact","status":"publish","type":"page","link":"https:\/\/maelu.de\/?page_id=5889","title":{"rendered":"Contact"},"content":{"rendered":"<p>[vc_row row_content_width=&#8220;grid&#8220; css=&#8220;.vc_custom_1501663983532{padding-top: 80px !important;padding-bottom: 120px !important;}&#8220;][vc_column css=&#8220;.vc_custom_1501671360059{padding-right: 15% !important;}&#8220; offset=&#8220;vc_col-lg-6 vc_col-md-6 vc_col-xs-12&#8243;]<div class=\"edgt-elements-holder   edgt-one-column  edgt-responsive-mode-768 \" ><div class=\"edgt-eh-item    \"  data-item-class=\"edgt-eh-custom-6216\"  >\n\t<div class=\"edgt-eh-item-inner\">\n\t\t<div class=\"edgt-eh-item-content edgt-eh-custom-6216\" style=\"padding: 0 6% 0 0\">\n\t\t\t<div class=\"edgt-section-title-holder  edgt-st-standard edgt-st-title-left edgt-st-normal-space \" >\n\t<div class=\"edgt-st-inner\">\n\t\t\t\t\t<h6 class=\"edgt-st-subtitle \">\n\t\t\t\tHow to find us?\t\t\t<\/h6>\n\t\t\t\t\t\t\t<h3 class=\"edgt-st-title\" style=\"color: #3d3d3d\">\n\t\t\t\tMaelu Cafe\t\t\t<\/h3>\n\t\t\t\t\t\t\t<p class=\"edgt-st-text\" style=\"color: #989898;font-size: 19px;margin-top: 5px\">\n\t\t\t\tYou will find our caf\u00e9 right in the heart of Munich at Theatinerstra\u00dfe 32, opposite the ``F\u00fcnf H\u00f6fe``. You can get high-quality cupcakes, macarons, chocolates and many other delicacies that are lovingly made by hand every day to go with your excellent coffee.\t\t\t<\/p>\n\t\t\t<\/div>\n<\/div>[vc_empty_space height=&#8220;40px&#8220;]\t\t<\/div>\n\t<\/div>\n<\/div><\/div>[\/vc_column][vc_column css=&#8220;.vc_custom_1501671812263{padding-top: 2.8% !important;}&#8220; offset=&#8220;vc_col-lg-6 vc_col-md-6 vc_col-xs-12&#8243;]<div class=\"edgt-elements-holder   edgt-one-column  edgt-responsive-mode-768 \" ><div class=\"edgt-eh-item    \"  data-item-class=\"edgt-eh-custom-7828\"  data-680=\"0%\">\n\t<div class=\"edgt-eh-item-inner\">\n\t\t<div class=\"edgt-eh-item-content edgt-eh-custom-7828\" >\n\t\t\t<div class=\"edgt-section-title-holder  edgt-st-standard edgt-st-title-left edgt-st-normal-space \" >\n\t<div class=\"edgt-st-inner\">\n\t\t\t\t\t\t\t<h4 class=\"edgt-st-title\" style=\"color: #8d735f\">\n\t\t\t\tCAF\u00c8 MAELU\t\t\t<\/h4>\n\t\t\t\t\t\t\t<p class=\"edgt-st-text\" style=\"color: #989898\">\n\t\t\t\tTheatinerstra\u00dfe 32,<br \/>\n80333 M\u00fcnchen\t\t\t<\/p>\n\t\t\t<\/div>\n<\/div>[vc_column_text]<span style=\"color: #989898;\">Email:<a href=\"mailto:info@maelu.de\"> info@maelu.de <\/a><\/span><br \/>\n<span style=\"color: #989898;\">No table reservations possible.<\/span><br \/>\n<span style=\"color: #989898;\">Orders only at the pastry shop.<\/span>[\/vc_column_text]\t\t<\/div>\n\t<\/div>\n<\/div><\/div>[\/vc_column][\/vc_row][vc_row][vc_column]<div class=\"edgt-google-map-holder\">\n\t<div class=\"edgt-google-map\" id=\"edgt-map-2690699\" data-addresses='[\"Theatinerstra\u00dfe 32, 80333 M\u00fcnchen\"]' data-custom-map-style=yes data-color-overlay=#393939 data-saturation=-93 data-lightness=20 data-zoom=15 data-pin=https:\/\/maelu.de\/wp-content\/uploads\/2017\/07\/pin.png data-unique-id=2690699 data-scroll-wheel=no data-height=530px ><\/div>\n\t\t\t<div class=\"edgt-google-map-overlay\"><\/div>\n\t<\/div>\n[\/vc_column][\/vc_row]<\/p>\n","protected":false},"excerpt":{"rendered":"<p>[vc_row row_content_width=&#8220;grid&#8220; css=&#8220;.vc_custom_1501663983532{padding-top: 80px !important;padding-bottom: 120px !important;}&#8220;][vc_column css=&#8220;.vc_custom_1501671360059{padding-right: 15% !important;}&#8220; offset=&#8220;vc_col-lg-6 vc_col-md-6 vc_col-xs-12&#8243;][\/vc_column][vc_column css=&#8220;.vc_custom_1501671812263{padding-top: 2.8% !important;}&#8220; offset=&#8220;vc_col-lg-6 vc_col-md-6 vc_col-xs-12&#8243;][\/vc_column][\/vc_row][vc_row][vc_column][\/vc_column][\/vc_row]<\/p>\n","protected":false},"author":3,"featured_media":0,"parent":0,"menu_order":0,"comment_status":"closed","ping_status":"closed","template":"full-width.php","meta":{"footnotes":""},"class_list":["post-5889","page","type-page","status-publish","hentry"],"_links":{"self":[{"href":"https:\/\/maelu.de\/index.php?rest_route=\/wp\/v2\/pages\/5889","targetHints":{"allow":["GET"]}}],"collection":[{"href":"https:\/\/maelu.de\/index.php?rest_route=\/wp\/v2\/pages"}],"about":[{"href":"https:\/\/maelu.de\/index.php?rest_route=\/wp\/v2\/types\/page"}],"author":[{"embeddable":true,"href":"https:\/\/maelu.de\/index.php?rest_route=\/wp\/v2\/users\/3"}],"replies":[{"embeddable":true,"href":"https:\/\/maelu.de\/index.php?rest_route=%2Fwp%2Fv2%2Fcomments&post=5889"}],"version-history":[{"count":9,"href":"https:\/\/maelu.de\/index.php?rest_route=\/wp\/v2\/pages\/5889\/revisions"}],"predecessor-version":[{"id":6373,"href":"https:\/\/maelu.de\/index.php?rest_route=\/wp\/v2\/pages\/5889\/revisions\/6373"}],"wp:attachment":[{"href":"https:\/\/maelu.de\/index.php?rest_route=%2Fwp%2Fv2%2Fmedia&parent=5889"}],"curies":[{"name":"wp","href":"https:\/\/api.w.org\/{rel}","templated":true}]}}